{"id":602,"date":"2025-03-19T23:38:42","date_gmt":"2025-03-19T15:38:42","guid":{"rendered":"https:\/\/kingbestpower.com\/tat-ca-san-pham-may-phat-dien-diesel-tai-san-xuat\/"},"modified":"2025-03-25T22:23:52","modified_gmt":"2025-03-25T14:23:52","slug":"tat-ca-san-pham-may-phat-dien-diesel-tai-san-xuat","status":"publish","type":"page","link":"https:\/\/kingbestpower.com\/vi\/tat-ca-san-pham-may-phat-dien-diesel-tai-san-xuat","title":{"rendered":"S\u1ea3n ph\u1ea9m"},"content":{"rendered":"","protected":false},"excerpt":{"rendered":"<p>Gi\u1edbi thi\u1ec7u t\u1ea5t c\u1ea3 s\u1ea3n ph\u1ea9m m\u00e1y ph\u00e1t \u0111i\u1ec7n diesel t\u00e1i s\u1ea3n xu\u1ea5t c\u1ee7a KINGBEST<br \/>Ch\u00fang t\u00f4i cung c\u1ea5p d\u1ecbch v\u1ee5 h\u1ec7 th\u1ed1ng \u0111i\u1ec7n tr\u1ecdn g\u00f3i, bao g\u1ed3m: s\u1ea3n xu\u1ea5t, t\u00e1i s\u1ea3n xu\u1ea5t, kinh doanh v\u00e0 d\u1ecbch v\u1ee5 cho c\u00e1c thi\u1ebft b\u1ecb nh\u01b0 m\u00e1y ph\u00e1t \u0111i\u1ec7n diesel, c\u00f4ng t\u1eafc chuy\u1ec3n m\u1ea1ch t\u1ef1 \u0111\u1ed9ng ATS, v\u00e0 h\u1ec7 th\u1ed1ng \u0111i\u1ec7n n\u0103ng l\u01b0\u1ee3ng m\u1eb7t tr\u1eddi. Ngo\u00e0i ra, ch\u00fang t\u00f4i c\u00f2n c\u00f3 c\u00e1c b\u1ed9 ph\u1eadn chuy\u00ean v\u1ec1 linh ki\u1ec7n, s\u1eeda ch\u1eefa v\u00e0 b\u1ea3o tr\u00ec, \u0111\u00e1p \u1ee9ng m\u1ecdi nhu c\u1ea7u v\u1ec1 \u0111i\u1ec7n c\u1ee7a b\u1ea1n.<\/p>\n","protected":false},"author":1,"featured_media":0,"parent":0,"menu_order":0,"comment_status":"closed","ping_status":"closed","template":"","meta":{"_acf_changed":false,"footnotes":""},"class_list":["post-602","page","type-page","status-publish","hentry"],"acf":[],"jetpack_sharing_enabled":true,"_links":{"self":[{"href":"https:\/\/kingbestpower.com\/vi\/wp-json\/wp\/v2\/pages\/602","targetHints":{"allow":["GET"]}}],"collection":[{"href":"https:\/\/kingbestpower.com\/vi\/wp-json\/wp\/v2\/pages"}],"about":[{"href":"https:\/\/kingbestpower.com\/vi\/wp-json\/wp\/v2\/types\/page"}],"author":[{"embeddable":true,"href":"https:\/\/kingbestpower.com\/vi\/wp-json\/wp\/v2\/users\/1"}],"replies":[{"embeddable":true,"href":"https:\/\/kingbestpower.com\/vi\/wp-json\/wp\/v2\/comments?post=602"}],"version-history":[{"count":0,"href":"https:\/\/kingbestpower.com\/vi\/wp-json\/wp\/v2\/pages\/602\/revisions"}],"wp:attachment":[{"href":"https:\/\/kingbestpower.com\/vi\/wp-json\/wp\/v2\/media?parent=602"}],"curies":[{"name":"wp","href":"https:\/\/api.w.org\/{rel}","templated":true}]}}