{"id":603,"date":"2025-03-19T23:41:17","date_gmt":"2025-03-19T15:41:17","guid":{"rendered":"https:\/\/kingbestpower.com\/lien-he-voi-chung-toi\/"},"modified":"2025-03-25T22:32:04","modified_gmt":"2025-03-25T14:32:04","slug":"lien-he-voi-chung-toi","status":"publish","type":"page","link":"https:\/\/kingbestpower.com\/vi\/lien-he-voi-chung-toi","title":{"rendered":"Li\u00ean h\u1ec7"},"content":{"rendered":"","protected":false},"excerpt":{"rendered":"<p>N\u1ebfu b\u1ea1n c\u00f3 t\u1ed5 m\u00e1y ph\u00e1t \u0111i\u1ec7n diesel \/ c\u00f4ng t\u1eafc chuy\u1ec3n t\u1ef1 \u0111\u1ed9ng ATS \/ s\u1ea3n xu\u1ea5t, t\u00e1i s\u1ea3n xu\u1ea5t, b\u00e1n h\u00e0ng v\u00e0 d\u1ecbch v\u1ee5 thi\u1ebft b\u1ecb ph\u00e1t \u0111i\u1ec7n quang \u0111i\u1ec7n m\u1eb7t tr\u1eddi, \u0111\u1ed3ng th\u1eddi c\u00f3 c\u00e1c b\u1ed9 ph\u1eadn, s\u1eeda ch\u1eefa, b\u1ea3o tr\u00ec v\u00e0 c\u00e1c b\u1ed9 ph\u1eadn kh\u00e1c, vui l\u00f2ng li\u00ean h\u1ec7 v\u1edbi h\u1ec7 th\u1ed1ng \u0111i\u1ec7n KINGBEST.<\/p>\n","protected":false},"author":1,"featured_media":0,"parent":0,"menu_order":0,"comment_status":"closed","ping_status":"closed","template":"","meta":{"_acf_changed":false,"footnotes":""},"class_list":["post-603","page","type-page","status-publish","hentry"],"acf":[],"jetpack_sharing_enabled":true,"_links":{"self":[{"href":"https:\/\/kingbestpower.com\/vi\/wp-json\/wp\/v2\/pages\/603","targetHints":{"allow":["GET"]}}],"collection":[{"href":"https:\/\/kingbestpower.com\/vi\/wp-json\/wp\/v2\/pages"}],"about":[{"href":"https:\/\/kingbestpower.com\/vi\/wp-json\/wp\/v2\/types\/page"}],"author":[{"embeddable":true,"href":"https:\/\/kingbestpower.com\/vi\/wp-json\/wp\/v2\/users\/1"}],"replies":[{"embeddable":true,"href":"https:\/\/kingbestpower.com\/vi\/wp-json\/wp\/v2\/comments?post=603"}],"version-history":[{"count":0,"href":"https:\/\/kingbestpower.com\/vi\/wp-json\/wp\/v2\/pages\/603\/revisions"}],"wp:attachment":[{"href":"https:\/\/kingbestpower.com\/vi\/wp-json\/wp\/v2\/media?parent=603"}],"curies":[{"name":"wp","href":"https:\/\/api.w.org\/{rel}","templated":true}]}}