{"id":604,"date":"2025-02-06T22:45:55","date_gmt":"2025-02-06T14:45:55","guid":{"rendered":"https:\/\/kingbestpower.com\/trang-chu-blog\/"},"modified":"2025-05-06T16:40:40","modified_gmt":"2025-05-06T08:40:40","slug":"trang-chu-blog","status":"publish","type":"page","link":"https:\/\/kingbestpower.com\/vi\/trang-chu-blog","title":{"rendered":"Tin t\u1ee9c m\u1edbi nh\u1ea5t"},"content":{"rendered":"","protected":false},"excerpt":{"rendered":"<p>C\u1eadp nh\u1eadt nh\u1eefng tin t\u1ee9c m\u1edbi nh\u1ea5t t\u1eeb c\u00f4ng ty \u0111i\u1ec7n KINGBEST, bao g\u1ed3m th\u00f4ng tin tri\u1ec3n l\u00e3m v\u00e0 ki\u1ebfn th\u1ee9c li\u00ean quan \u0111\u1ebfn m\u00e1y ph\u00e1t \u0111i\u1ec7n diesel.V\u1edbi ngu\u1ed3n l\u1ef1c v\u00e0 n\u0103ng l\u1ef1c k\u1ef9 thu\u1eadt ng\u00e0y c\u00e0ng chuy\u00ean s\u00e2u v\u00e0 to\u00e0n di\u1ec7n, ch\u00fang t\u00f4i cam k\u1ebft ph\u1ee5c v\u1ee5 kh\u00e1ch h\u00e0ng t\u1ed1t h\u01a1n v\u00e0 \u0111\u00f3ng g\u00f3p m\u1ed9t ph\u1ea7n nh\u1ecf v\u00e0o s\u1ef1 ph\u00e1t tri\u1ec3n c\u1ee7a th\u1ecb tr\u01b0\u1eddng.<\/p>\n","protected":false},"author":1,"featured_media":0,"parent":0,"menu_order":0,"comment_status":"closed","ping_status":"closed","template":"","meta":{"_acf_changed":false,"footnotes":""},"class_list":["post-604","page","type-page","status-publish","hentry"],"acf":[],"jetpack_sharing_enabled":true,"_links":{"self":[{"href":"https:\/\/kingbestpower.com\/vi\/wp-json\/wp\/v2\/pages\/604","targetHints":{"allow":["GET"]}}],"collection":[{"href":"https:\/\/kingbestpower.com\/vi\/wp-json\/wp\/v2\/pages"}],"about":[{"href":"https:\/\/kingbestpower.com\/vi\/wp-json\/wp\/v2\/types\/page"}],"author":[{"embeddable":true,"href":"https:\/\/kingbestpower.com\/vi\/wp-json\/wp\/v2\/users\/1"}],"replies":[{"embeddable":true,"href":"https:\/\/kingbestpower.com\/vi\/wp-json\/wp\/v2\/comments?post=604"}],"version-history":[{"count":0,"href":"https:\/\/kingbestpower.com\/vi\/wp-json\/wp\/v2\/pages\/604\/revisions"}],"wp:attachment":[{"href":"https:\/\/kingbestpower.com\/vi\/wp-json\/wp\/v2\/media?parent=604"}],"curies":[{"name":"wp","href":"https:\/\/api.w.org\/{rel}","templated":true}]}}